{"id":63,"date":"2017-02-10T16:21:34","date_gmt":"2017-02-10T15:21:34","guid":{"rendered":"http:\/\/gtp.okapiconsult.de\/?page_id=63"},"modified":"2017-09-29T13:50:48","modified_gmt":"2017-09-29T11:50:48","slug":"contact","status":"publish","type":"page","link":"https:\/\/gtp-koelner-westen.de\/en\/contact\/","title":{"rendered":"Contact"},"content":{"rendered":"<h2>Come and see what we can do for your business<\/h2>\n<p>Our team will be happy to see you:<\/p>\n<p>Frau Dr. Nicole Schreiber<br \/>\nHerr Peter Vaa\u00dfen<br \/>\nFrau Marion M\u00fcller-Oehring<\/p>\n<p>GTP Gewerbe- und Technologiepark K\u00f6nigsdorf<br \/>\nOffices:<br \/>\nAugustinusstra\u00dfe 7<br \/>\nD-50226 Frechen<\/p>\n<p>Tel: +49 2234 &#8211; 966 04 0<br \/>\nFax: +49 2234 &#8211; 966 04 4<\/p>\n<p><a href=\"mailto:info@vaassen-immobilien.de\">info@vaassen-immobilien.de<\/a><br \/>\n<a href=\"http:\/\/www.gtp-koelner-westen.de\/en\">www.gtp-koelner-westen.de<\/a><br \/>\n<a href=\"https:\/\/gtp-koelner-westen.de\/en\/contact\/contact-form\/\">Contact form<\/a><\/p>\n<p><a href=\"https:\/\/gtp-koelner-westen.de\/en\/location\/\">Location and directions<\/a><\/p>\n<p>&nbsp;<\/p>\n","protected":false},"excerpt":{"rendered":"<p>Come and see what we can do for your business Our team will be happy to see you: Frau Dr. Nicole Schreiber Herr Peter Vaa\u00dfen Frau Marion M\u00fcller-Oehring GTP Gewerbe- und Technologiepark K\u00f6nigsdorf Offices: Augustinusstra\u00dfe 7 D-50226 Frechen Tel: +49<\/p>\n","protected":false},"author":1,"featured_media":442,"parent":0,"menu_order":0,"comment_status":"closed","ping_status":"closed","template":"","meta":{"footnotes":""},"_links":{"self":[{"href":"https:\/\/gtp-koelner-westen.de\/en\/wp-json\/wp\/v2\/pages\/63"}],"collection":[{"href":"https:\/\/gtp-koelner-westen.de\/en\/wp-json\/wp\/v2\/pages"}],"about":[{"href":"https:\/\/gtp-koelner-westen.de\/en\/wp-json\/wp\/v2\/types\/page"}],"author":[{"embeddable":true,"href":"https:\/\/gtp-koelner-westen.de\/en\/wp-json\/wp\/v2\/users\/1"}],"replies":[{"embeddable":true,"href":"https:\/\/gtp-koelner-westen.de\/en\/wp-json\/wp\/v2\/comments?post=63"}],"version-history":[{"count":13,"href":"https:\/\/gtp-koelner-westen.de\/en\/wp-json\/wp\/v2\/pages\/63\/revisions"}],"predecessor-version":[{"id":432,"href":"https:\/\/gtp-koelner-westen.de\/en\/wp-json\/wp\/v2\/pages\/63\/revisions\/432"}],"wp:featuredmedia":[{"embeddable":true,"href":"https:\/\/gtp-koelner-westen.de\/en\/wp-json\/wp\/v2\/media\/442"}],"wp:attachment":[{"href":"https:\/\/gtp-koelner-westen.de\/en\/wp-json\/wp\/v2\/media?parent=63"}],"curies":[{"name":"wp","href":"https:\/\/api.w.org\/{rel}","templated":true}]}}