{"id":76,"date":"2017-02-10T16:26:07","date_gmt":"2017-02-10T15:26:07","guid":{"rendered":"http:\/\/gtp.okapiconsult.de\/?page_id=76"},"modified":"2017-06-29T11:56:20","modified_gmt":"2017-06-29T09:56:20","slug":"imprint","status":"publish","type":"page","link":"https:\/\/gtp-koelner-westen.de\/en\/imprint\/","title":{"rendered":"Imprint"},"content":{"rendered":"<h2>Responsible for the content of this website<\/h2>\n<p>Vaa\u00dfen Immobilien GmbH<br \/>\nManaging directors: Alfred Vaa\u00dfen, Peter Vaa\u00dfen<\/p>\n<p>Registered company number: Court of Cologne (Amtsgericht K\u00f6ln) HRB 42052<br \/>\nVAT number: DE164860974<\/p>\n<p>Registered at:<br \/>\nStadt Frechen, Joh.-Schmitz-Platz 1, 50226 Frechen<\/p>\n<p>Vaa\u00dfen Immobilien GmbH<br \/>\nAugustinusstra\u00dfe 7<br \/>\nD-50226 Frechen<\/p>\n<p>Tel: +49 2234 &#8211; 966 04 0<br \/>\nFax: +49 2234 &#8211; 966 04 4<\/p>\n<p><a href=\"mailto:info@vaassen-immobilien.de\">info@vaassen-immobilien.de<\/a><br \/>\n<a href=\"http:\/\/www.vaassen-immobilien.de\/\" target=\"_blank\" rel=\"noopener\">www.vaassen-immobilien.de<\/a><\/p>\n<p>&nbsp;<\/p>\n<h2>Disclaimer regarding contents<\/h2>\n<p>Vaa\u00dfen Immobilien GmbH is not liable for keeping the contents of this website up-to-date, for any errors on this website, or for the quality of the information on this website. Claims made against Vaa\u00dfen Immobilien GmbH for any material or immaterial damages incurred through the use or non-use of the information presented, be it correct or incorrect, complete or incomplete, are invalid unless intentional or gross negligence can be proven. Vaa\u00dfen Immobilien GmbH reserves the right to change, increase, reduce or partly or completely delete all or any part of this website with or without giving prior notice.<\/p>\n<p>&nbsp;<\/p>\n<h2>Disclaimer regarding links<\/h2>\n<p>The publishers of this website are not responsible for the correctness of any websites linked to. Vaa\u00dfen Immobilien GmbH is not liable for the content of external websites.<\/p>\n<p>&nbsp;<\/p>\n<h2>Concept &amp; webdesign<\/h2>\n<p>okapidesign GbR<br \/>\nS\u00f6mmeringstr. 24<br \/>\n50823 K\u00f6ln<\/p>\n<p><a href=\"http:\/\/www.okapidesign.com\" target=\"_blank\" rel=\"noopener\">www.okapidesign.com<\/a><\/p>\n<p>&nbsp;<\/p>\n<p>&nbsp;<\/p>\n<h2>Translation<\/h2>\n<p>The English text reads like an English text rather than a translation because it was done by <a title=\"textunion.net\" href=\"http:\/\/www.textunion.net\/\" target=\"_blank\" rel=\"noopener\">Textunion<\/a>.<\/p>\n<p>&nbsp;<\/p>\n<h2>Photos<\/h2>\n<p><a href=\"http:\/\/www.biallas.de\" target=\"_blank\" rel=\"noopener\">Fotostudio Biallas, K\u00f6ln<\/a><br \/>\n<a href=\"http:\/\/www.benhupfer.com\" target=\"_blank\" rel=\"noopener\">Benjamin Hupfer Photography<\/a><\/p>\n<p>&nbsp;<\/p>\n<h2>Google Analytics<\/h2>\n<p>This website uses Google Analytics, a web analytics service provided by Google, Inc. (\u201cGoogle\u201d). Google Analytics uses cookies, which are text files placed on your computer, to help the website analyse how users use a website. The information generated by the cookie about your use of the website (including your IP address) will be transmitted to and saved by Google on servers in the United States. Google will use this information to evaluate your use of the website, compile reports on activity on the website for website operators, and provide other services relating to website activity and internet use. Google may transfer this information to third parties when required to do so by law, or when third parties process the information on Google&#8217;s behalf. Google will not connect your IP address with any other data held by Google. You can refuse to accept cookies by choosing the appropriate settings on your browser. Please note that if you do this you may not be able to use the all the functions of this website. By using this website you consent to Google processing data about you in the manner and for the purposes described above.<\/p>\n","protected":false},"excerpt":{"rendered":"<p>Responsible for the content of this website Vaa\u00dfen Immobilien GmbH Managing directors: Alfred Vaa\u00dfen, Peter Vaa\u00dfen Registered company number: Court of Cologne (Amtsgericht K\u00f6ln) HRB 42052 VAT number: DE164860974 Registered at: Stadt Frechen, Joh.-Schmitz-Platz 1, 50226 Frechen Vaa\u00dfen Immobilien GmbH<\/p>\n","protected":false},"author":1,"featured_media":0,"parent":0,"menu_order":0,"comment_status":"closed","ping_status":"closed","template":"","meta":{"footnotes":""},"_links":{"self":[{"href":"https:\/\/gtp-koelner-westen.de\/en\/wp-json\/wp\/v2\/pages\/76"}],"collection":[{"href":"https:\/\/gtp-koelner-westen.de\/en\/wp-json\/wp\/v2\/pages"}],"about":[{"href":"https:\/\/gtp-koelner-westen.de\/en\/wp-json\/wp\/v2\/types\/page"}],"author":[{"embeddable":true,"href":"https:\/\/gtp-koelner-westen.de\/en\/wp-json\/wp\/v2\/users\/1"}],"replies":[{"embeddable":true,"href":"https:\/\/gtp-koelner-westen.de\/en\/wp-json\/wp\/v2\/comments?post=76"}],"version-history":[{"count":4,"href":"https:\/\/gtp-koelner-westen.de\/en\/wp-json\/wp\/v2\/pages\/76\/revisions"}],"predecessor-version":[{"id":330,"href":"https:\/\/gtp-koelner-westen.de\/en\/wp-json\/wp\/v2\/pages\/76\/revisions\/330"}],"wp:attachment":[{"href":"https:\/\/gtp-koelner-westen.de\/en\/wp-json\/wp\/v2\/media?parent=76"}],"curies":[{"name":"wp","href":"https:\/\/api.w.org\/{rel}","templated":true}]}}