{"id":80,"date":"2017-02-10T16:27:41","date_gmt":"2017-02-10T15:27:41","guid":{"rendered":"http:\/\/gtp.okapiconsult.de\/?page_id=80"},"modified":"2017-09-19T16:07:17","modified_gmt":"2017-09-19T14:07:17","slug":"your-business-location-in-west-cologne","status":"publish","type":"page","link":"https:\/\/gtp-koelner-westen.de\/en\/your-business-location-in-west-cologne\/","title":{"rendered":"Your business location in West Cologne"},"content":{"rendered":"<h2>GTP Business and Technology Park<\/h2>\n<p>The GTP Business and Technology Park in K\u00f6nigsdorf in the west of the Greater Cologne area was opened in 1991. It is home to over 100 companies employing more than 700 people in the service and technology sectors. Their businesses cover information and communications technology, engineering, media, advertising and much more.<\/p>\n<p>GTP Business and Technology Park offers:<\/p>\n<ul>\n<li>32 000 m\u00b2 of flexible rental space<\/li>\n<li>Modern rooms for offices, showrooms, medical practices, services centres and for storage<\/li>\n<li>Plenty of parking space<\/li>\n<li>Buildings and outside areas are attractive and well-cared for<\/li>\n<li>Shopping, sports and leisure facilities within easy reach<\/li>\n<li>Wide variety of restaurants and caf\u00e9s<\/li>\n<li>Medical centre including many specialists and therapists<\/li>\n<li>15 minutes from Cologne Central Station and 30 minutes from Cologne-Bonn airport by train<\/li>\n<li>Excellent motorway access to the A1, A3 and A4 motorways<\/li>\n<li>Excellent single-contact service for tenants thanks to 20 years of experience<\/li>\n<\/ul>\n<p>&nbsp;<\/p>\n<h2><img decoding=\"async\" loading=\"lazy\" class=\"aligncenter size-full wp-image-282\" src=\"\/wp-content\/uploads\/2017\/02\/gtp_historie-1.jpg\" alt=\"\" width=\"750\" height=\"250\" srcset=\"https:\/\/gtp-koelner-westen.de\/wp-content\/uploads\/2017\/02\/gtp_historie-1.jpg 750w, https:\/\/gtp-koelner-westen.de\/wp-content\/uploads\/2017\/02\/gtp_historie-1-300x100.jpg 300w\" sizes=\"(max-width: 750px) 100vw, 750px\" \/><\/h2>\n<h2>Built to do business since the 1920s<\/h2>\n<p>The original business centre of K\u00f6nigsdorf was a complex of buildings built in classical 1920s style. The Gro\u00dfk\u00f6nigsdorf Stoneware Factory was designed by Emil Rudolf Mewes, a prominent architect who also built the first Volkswagen factory near Fallersleben, and was known for clear, functional buildings for industry. The property was financed and managed by Gro\u00dfpeter Lindemann GmbH, today Quarzwerke GmbH, Frechen.<\/p>\n","protected":false},"excerpt":{"rendered":"<p>GTP Business and Technology Park The GTP Business and Technology Park in K\u00f6nigsdorf in the west of the Greater Cologne area was opened in 1991. It is home to over 100 companies employing more than 700 people in the service<\/p>\n","protected":false},"author":1,"featured_media":408,"parent":0,"menu_order":0,"comment_status":"closed","ping_status":"closed","template":"","meta":{"footnotes":""},"_links":{"self":[{"href":"https:\/\/gtp-koelner-westen.de\/en\/wp-json\/wp\/v2\/pages\/80"}],"collection":[{"href":"https:\/\/gtp-koelner-westen.de\/en\/wp-json\/wp\/v2\/pages"}],"about":[{"href":"https:\/\/gtp-koelner-westen.de\/en\/wp-json\/wp\/v2\/types\/page"}],"author":[{"embeddable":true,"href":"https:\/\/gtp-koelner-westen.de\/en\/wp-json\/wp\/v2\/users\/1"}],"replies":[{"embeddable":true,"href":"https:\/\/gtp-koelner-westen.de\/en\/wp-json\/wp\/v2\/comments?post=80"}],"version-history":[{"count":6,"href":"https:\/\/gtp-koelner-westen.de\/en\/wp-json\/wp\/v2\/pages\/80\/revisions"}],"predecessor-version":[{"id":425,"href":"https:\/\/gtp-koelner-westen.de\/en\/wp-json\/wp\/v2\/pages\/80\/revisions\/425"}],"wp:featuredmedia":[{"embeddable":true,"href":"https:\/\/gtp-koelner-westen.de\/en\/wp-json\/wp\/v2\/media\/408"}],"wp:attachment":[{"href":"https:\/\/gtp-koelner-westen.de\/en\/wp-json\/wp\/v2\/media?parent=80"}],"curies":[{"name":"wp","href":"https:\/\/api.w.org\/{rel}","templated":true}]}}